{"id":10,"date":"2024-06-19T10:06:42","date_gmt":"2024-06-19T08:06:42","guid":{"rendered":"http:\/\/lebobocavebar.fr\/?page_id=10"},"modified":"2025-05-01T19:47:10","modified_gmt":"2025-05-01T17:47:10","slug":"a-propos-de","status":"publish","type":"page","link":"https:\/\/lebobocavebar.fr\/index.php\/a-propos-de\/","title":{"rendered":"Notre Menu !"},"content":{"rendered":"\t\t<div data-elementor-type=\"wp-page\" data-elementor-id=\"10\" class=\"elementor elementor-10\">\n\t\t\t\t<div class=\"elementor-element elementor-element-a2905d0 e-flex e-con-boxed e-con e-parent\" data-id=\"a2905d0\" data-element_type=\"container\">\n\t\t\t\t\t<div class=\"e-con-inner\">\n\t\t\t\t<div class=\"elementor-element elementor-element-3a20e8df elementor-widget elementor-widget-text-editor\" data-id=\"3a20e8df\" data-element_type=\"widget\" data-widget_type=\"text-editor.default\">\n\t\t\t\t<div class=\"elementor-widget-container\">\n\t\t\t<style>\/*! elementor - v3.23.0 - 05-08-2024 *\/\n.elementor-widget-text-editor.elementor-drop-cap-view-stacked .elementor-drop-cap{background-color:#69727d;color:#fff}.elementor-widget-text-editor.elementor-drop-cap-view-framed .elementor-drop-cap{color:#69727d;border:3px solid;background-color:transparent}.elementor-widget-text-editor:not(.elementor-drop-cap-view-default) .elementor-drop-cap{margin-top:8px}.elementor-widget-text-editor:not(.elementor-drop-cap-view-default) .elementor-drop-cap-letter{width:1em;height:1em}.elementor-widget-text-editor .elementor-drop-cap{float:left;text-align:center;line-height:1;font-size:50px}.elementor-widget-text-editor .elementor-drop-cap-letter{display:inline-block}<\/style>\t\t\t\t<p><!-- wp:paragraph --><\/p>\n<p>D\u00e9couvrez notre menu, une symphonie de saveurs o\u00f9 chaque plat met en lumi\u00e8re la qualit\u00e9 exceptionnelle de nos produits et la diversit\u00e9 de notre terroir.<br \/><br \/><\/p>\n<p><!-- \/wp:paragraph --><\/p>\n<p><!-- wp:image {\"sizeSlug\":\"large\"} --><\/p>\n<figure class=\"wp-block-image size-large\"><img decoding=\"async\" src=\"https:\/\/cdn.discordapp.com\/attachments\/760277436507226156\/1252903866601832519\/zodtitus_French_fancy_restaurant_menu_1ca6b438-d0f3-41b1-8229-c598724a8b0f.png?ex=6673e927&amp;is=667297a7&amp;hm=392013094f9830cf7b9f46d3f1aa7826e89612813ab4ce1a68727299411b591a&amp;\" alt=\"\" \/><\/figure>\n<p><!-- \/wp:image --><\/p>\t\t\t\t\t\t<\/div>\n\t\t\t\t<\/div>\n\t\t\t\t\t<\/div>\n\t\t\t\t<\/div>\n\t\t<div class=\"elementor-element elementor-element-a832731 e-flex e-con-boxed e-con e-parent\" data-id=\"a832731\" data-element_type=\"container\">\n\t\t\t\t\t<div class=\"e-con-inner\">\n\t\t\t\t<div class=\"elementor-element elementor-element-81cf314 elementor-widget elementor-widget-text-editor\" data-id=\"81cf314\" data-element_type=\"widget\" data-widget_type=\"text-editor.default\">\n\t\t\t\t<div class=\"elementor-widget-container\">\n\t\t\t\t\t\t\t<h3 data-start=\"159\" data-end=\"196\" class=\"\">Le Midi \u2013 L\u2019Esprit Brasserie<\/h3>\n<p><\/p>\n<p data-start=\"197\" data-end=\"711\" class=\"\">\u00c0 l\u2019heure du d\u00e9jeuner, Le&nbsp;<strong data-start=\"220\" data-end=\"228\">Bobo<\/strong> prend des airs de brasserie moderne et vivante. Ici, on cultive l\u2019amour des bonnes choses, sans pr\u00e9tention mais avec exigence. Chaque midi, notre chef propose une cuisine de saison, g\u00e9n\u00e9reuse et faite maison, qui m\u00eale tradition fran\u00e7aise et petites touches personnelles. Que ce soit pour un repas rapide entre coll\u00e8gues ou un d\u00e9jeuner plus pos\u00e9, l\u2019ambiance reste conviviale, le service soign\u00e9, et l\u2019assiette toujours sinc\u00e8re. Une vraie pause gourmande dans le tumulte de la journ\u00e9e.<br>Dans cet esprit notre carte change avec les saisons et les produits du moment.<br>Voici un exemple de ce que nous proposons.<br><br><\/p>\t\t\t\t\t\t<\/div>\n\t\t\t\t<\/div>\n\t\t\t\t\t<\/div>\n\t\t\t\t<\/div>\n\t\t<div class=\"elementor-element elementor-element-867e6d9 e-flex e-con-boxed e-con e-parent\" data-id=\"867e6d9\" data-element_type=\"container\">\n\t\t\t\t\t<div class=\"e-con-inner\">\n\t\t\t\t<div class=\"elementor-element elementor-element-10a19cb elementor-widget elementor-widget-image\" data-id=\"10a19cb\" data-element_type=\"widget\" data-widget_type=\"image.default\">\n\t\t\t\t<div class=\"elementor-widget-container\">\n\t\t\t<style>\/*! elementor - v3.23.0 - 05-08-2024 *\/\n.elementor-widget-image{text-align:center}.elementor-widget-image a{display:inline-block}.elementor-widget-image a img[src$=\".svg\"]{width:48px}.elementor-widget-image img{vertical-align:middle;display:inline-block}<\/style>\t\t\t\t\t\t\t\t\t\t<img fetchpriority=\"high\" decoding=\"async\" width=\"576\" height=\"1024\" src=\"https:\/\/lebobocavebar.fr\/wp-content\/uploads\/2025\/05\/Ardoise-midi-576x1024.jpg\" class=\"attachment-large size-large wp-image-233\" alt=\"\" srcset=\"https:\/\/lebobocavebar.fr\/wp-content\/uploads\/2025\/05\/Ardoise-midi-576x1024.jpg 576w, https:\/\/lebobocavebar.fr\/wp-content\/uploads\/2025\/05\/Ardoise-midi-169x300.jpg 169w, https:\/\/lebobocavebar.fr\/wp-content\/uploads\/2025\/05\/Ardoise-midi-768x1365.jpg 768w, https:\/\/lebobocavebar.fr\/wp-content\/uploads\/2025\/05\/Ardoise-midi-864x1536.jpg 864w, https:\/\/lebobocavebar.fr\/wp-content\/uploads\/2025\/05\/Ardoise-midi.jpg 1080w\" sizes=\"(max-width: 576px) 100vw, 576px\" \/>\t\t\t\t\t\t\t\t\t\t\t\t\t<\/div>\n\t\t\t\t<\/div>\n\t\t\t\t\t<\/div>\n\t\t\t\t<\/div>\n\t\t<div class=\"elementor-element elementor-element-e30e3f8 e-flex e-con-boxed e-con e-parent\" data-id=\"e30e3f8\" data-element_type=\"container\">\n\t\t\t\t\t<div class=\"e-con-inner\">\n\t\t\t\t<div class=\"elementor-element elementor-element-fc1184c elementor-widget elementor-widget-text-editor\" data-id=\"fc1184c\" data-element_type=\"widget\" data-widget_type=\"text-editor.default\">\n\t\t\t\t<div class=\"elementor-widget-container\">\n\t\t\t\t\t\t\t<h3 class=\"\" data-start=\"718\" data-end=\"752\">Le Soir \u2013 Tapas &amp; Partage<\/h3>\n<p><\/p>\n<p class=\"\" data-start=\"753\" data-end=\"1216\">Quand le jour d\u00e9cline, Le&nbsp;<strong data-start=\"776\" data-end=\"784\">Bobo<\/strong> change de visage. La lumi\u00e8re se tamise, la musique s\u2019\u00e9l\u00e8ve doucement, les verres tintent et les assiettes se partagent. Ici, le soir, c\u2019est l\u2019esprit tapas qui r\u00e8gne : une s\u00e9lection de plats a partager cr\u00e9atif, locales ou venues d\u2019ailleurs, \u00e0 picorer entre amis ou \u00e0 deux. L\u2019important, c\u2019est le moment. On discute, on rit, on go\u00fbte un peu de tout. Une ambiance pens\u00e9e pour cr\u00e9er des souvenirs.<\/p><p class=\"\" data-start=\"753\" data-end=\"1216\">Voici un exemple d&#8217;ardoise que nous proposons le soir.<br><br><\/p>\t\t\t\t\t\t<\/div>\n\t\t\t\t<\/div>\n\t\t\t\t<div class=\"elementor-element elementor-element-3839018 elementor-widget elementor-widget-image\" data-id=\"3839018\" data-element_type=\"widget\" data-widget_type=\"image.default\">\n\t\t\t\t<div class=\"elementor-widget-container\">\n\t\t\t\t\t\t\t\t\t\t\t\t\t<img decoding=\"async\" width=\"724\" height=\"1024\" src=\"https:\/\/lebobocavebar.fr\/wp-content\/uploads\/2025\/05\/Blanc-sur-Noir-Tableau-noir-Photo-Mensuel-Carte-2-724x1024.png\" class=\"attachment-large size-large wp-image-235\" alt=\"\" srcset=\"https:\/\/lebobocavebar.fr\/wp-content\/uploads\/2025\/05\/Blanc-sur-Noir-Tableau-noir-Photo-Mensuel-Carte-2-724x1024.png 724w, https:\/\/lebobocavebar.fr\/wp-content\/uploads\/2025\/05\/Blanc-sur-Noir-Tableau-noir-Photo-Mensuel-Carte-2-212x300.png 212w, https:\/\/lebobocavebar.fr\/wp-content\/uploads\/2025\/05\/Blanc-sur-Noir-Tableau-noir-Photo-Mensuel-Carte-2-768x1086.png 768w, https:\/\/lebobocavebar.fr\/wp-content\/uploads\/2025\/05\/Blanc-sur-Noir-Tableau-noir-Photo-Mensuel-Carte-2-1086x1536.png 1086w, https:\/\/lebobocavebar.fr\/wp-content\/uploads\/2025\/05\/Blanc-sur-Noir-Tableau-noir-Photo-Mensuel-Carte-2.png 1414w\" sizes=\"(max-width: 724px) 100vw, 724px\" \/>\t\t\t\t\t\t\t\t\t\t\t\t\t<\/div>\n\t\t\t\t<\/div>\n\t\t\t\t<div class=\"elementor-element elementor-element-074a95f elementor-widget elementor-widget-text-editor\" data-id=\"074a95f\" data-element_type=\"widget\" data-widget_type=\"text-editor.default\">\n\t\t\t\t<div class=\"elementor-widget-container\">\n\t\t\t\t\t\t\t<h3 data-start=\"1223\" data-end=\"1253\">Le Bar &amp; Ses Planches<\/h3>\n<p>\u00a0<\/p>\n<p data-start=\"1254\" data-end=\"1711\">Le bar du\u00a0<strong data-start=\"1264\" data-end=\"1272\">Bobo<\/strong>, c\u2019est un lieu \u00e0 part, vivant du premier verre \u00e0 la derni\u00e8re gorg\u00e9e. Une carte de vins bien sentie, des cocktails maison inspir\u00e9s, des bi\u00e8res locales soigneusement choisies\u2026 mais surtout, une ambiance d\u00e9contract\u00e9e et authentique. \u00c0 toute heure, nos planches garnies \u2013 charcuteries fines, fromages affin\u00e9s, cr\u00e9ations du moment \u2013 accompagnent les discussions. Ici, on vient pour boire un verre\u2026 et on reste souvent plus longtemps que pr\u00e9vu.<\/p>\t\t\t\t\t\t<\/div>\n\t\t\t\t<\/div>\n\t\t\t\t\t<\/div>\n\t\t\t\t<\/div>\n\t\t<div class=\"elementor-element elementor-element-b672d14 e-flex e-con-boxed e-con e-parent\" data-id=\"b672d14\" data-element_type=\"container\">\n\t\t\t\t\t<div class=\"e-con-inner\">\n\t\t\t\t<div class=\"elementor-element elementor-element-d969de5 elementor-widget elementor-widget-image\" data-id=\"d969de5\" data-element_type=\"widget\" data-widget_type=\"image.default\">\n\t\t\t\t<div class=\"elementor-widget-container\">\n\t\t\t\t\t\t\t\t\t\t\t\t\t<img decoding=\"async\" width=\"724\" height=\"1024\" src=\"https:\/\/lebobocavebar.fr\/wp-content\/uploads\/2025\/05\/Blanc-sur-Noir-Tableau-noir-Photo-Mensuel-Carte-3-724x1024.png\" class=\"attachment-large size-large wp-image-236\" alt=\"\" srcset=\"https:\/\/lebobocavebar.fr\/wp-content\/uploads\/2025\/05\/Blanc-sur-Noir-Tableau-noir-Photo-Mensuel-Carte-3-724x1024.png 724w, https:\/\/lebobocavebar.fr\/wp-content\/uploads\/2025\/05\/Blanc-sur-Noir-Tableau-noir-Photo-Mensuel-Carte-3-212x300.png 212w, https:\/\/lebobocavebar.fr\/wp-content\/uploads\/2025\/05\/Blanc-sur-Noir-Tableau-noir-Photo-Mensuel-Carte-3-768x1086.png 768w, https:\/\/lebobocavebar.fr\/wp-content\/uploads\/2025\/05\/Blanc-sur-Noir-Tableau-noir-Photo-Mensuel-Carte-3-1086x1536.png 1086w, https:\/\/lebobocavebar.fr\/wp-content\/uploads\/2025\/05\/Blanc-sur-Noir-Tableau-noir-Photo-Mensuel-Carte-3.png 1414w\" sizes=\"(max-width: 724px) 100vw, 724px\" \/>\t\t\t\t\t\t\t\t\t\t\t\t\t<\/div>\n\t\t\t\t<\/div>\n\t\t\t\t\t<\/div>\n\t\t\t\t<\/div>\n\t\t<div class=\"elementor-element elementor-element-826e2c8 e-flex e-con-boxed e-con e-parent\" data-id=\"826e2c8\" data-element_type=\"container\">\n\t\t\t\t\t<div class=\"e-con-inner\">\n\t\t\t\t<div class=\"elementor-element elementor-element-f00f02e elementor-widget elementor-widget-image\" data-id=\"f00f02e\" data-element_type=\"widget\" data-widget_type=\"image.default\">\n\t\t\t\t<div class=\"elementor-widget-container\">\n\t\t\t\t\t\t\t\t\t\t\t\t\t<img decoding=\"async\" src=\"http:\/\/lebobocavebar.fr\/wp-content\/uploads\/2024\/08\/12.png\" title=\"\" alt=\"\" loading=\"lazy\" \/>\t\t\t\t\t\t\t\t\t\t\t\t\t<\/div>\n\t\t\t\t<\/div>\n\t\t\t\t\t<\/div>\n\t\t\t\t<\/div>\n\t\t<div class=\"elementor-element elementor-element-4a99af8 e-flex e-con-boxed e-con e-parent\" data-id=\"4a99af8\" data-element_type=\"container\">\n\t\t\t\t\t<div class=\"e-con-inner\">\n\t\t\t\t<div class=\"elementor-element elementor-element-7cf041e elementor-widget elementor-widget-image\" data-id=\"7cf041e\" data-element_type=\"widget\" data-widget_type=\"image.default\">\n\t\t\t\t<div class=\"elementor-widget-container\">\n\t\t\t\t\t\t\t\t\t\t\t\t\t<img decoding=\"async\" src=\"http:\/\/lebobocavebar.fr\/wp-content\/uploads\/2024\/08\/13.png\" title=\"\" alt=\"\" loading=\"lazy\" \/>\t\t\t\t\t\t\t\t\t\t\t\t\t<\/div>\n\t\t\t\t<\/div>\n\t\t\t\t\t<\/div>\n\t\t\t\t<\/div>\n\t\t<div class=\"elementor-element elementor-element-98a7b08 e-flex e-con-boxed e-con e-parent\" data-id=\"98a7b08\" data-element_type=\"container\">\n\t\t\t\t\t<div class=\"e-con-inner\">\n\t\t\t\t<div class=\"elementor-element elementor-element-2823123 elementor-widget elementor-widget-text-editor\" data-id=\"2823123\" data-element_type=\"widget\" data-widget_type=\"text-editor.default\">\n\t\t\t\t<div class=\"elementor-widget-container\">\n\t\t\t\t\t\t\t<h3 data-start=\"1718\" data-end=\"1748\">&nbsp;Le Brunch du Dimanche<\/h3>\n<p><\/p>\n<p data-start=\"1749\" data-end=\"2206\">Chaque Dimanche, Le&nbsp;<strong data-start=\"1766\" data-end=\"1774\">Bobo<\/strong> vous invite \u00e0 ralentir autour d\u2019un brunch g\u00e9n\u00e9reux et raffin\u00e9. Entre sucr\u00e9 et sal\u00e9, classique et original, notre carte fait la part belle aux produits frais et aux plaisirs simples. Pancakes moelleux, \u0153ufs sous toutes leurs formes, jus press\u00e9s minute et douceurs maison\u2026 On s\u2019installe, on prend son temps, on savoure. Un moment suspendu, pens\u00e9 comme une parenth\u00e8se gourmande pour bien commencer la journ\u00e9e \u2013 ou prolonger la veille.<\/p>\t\t\t\t\t\t<\/div>\n\t\t\t\t<\/div>\n\t\t\t\t\t<\/div>\n\t\t\t\t<\/div>\n\t\t<div class=\"elementor-element elementor-element-311bbc5 e-flex e-con-boxed e-con e-parent\" data-id=\"311bbc5\" data-element_type=\"container\">\n\t\t\t\t\t<div class=\"e-con-inner\">\n\t\t\t\t<div class=\"elementor-element elementor-element-ff279cf elementor-widget elementor-widget-image\" data-id=\"ff279cf\" data-element_type=\"widget\" data-widget_type=\"image.default\">\n\t\t\t\t<div class=\"elementor-widget-container\">\n\t\t\t\t\t\t\t\t\t\t\t\t\t<img loading=\"lazy\" decoding=\"async\" width=\"768\" height=\"1024\" src=\"https:\/\/lebobocavebar.fr\/wp-content\/uploads\/2025\/05\/7754e1e8-de43-4733-a8c3-82ed4023313c.jpg\" class=\"attachment-large size-large wp-image-239\" alt=\"\" srcset=\"https:\/\/lebobocavebar.fr\/wp-content\/uploads\/2025\/05\/7754e1e8-de43-4733-a8c3-82ed4023313c.jpg 768w, https:\/\/lebobocavebar.fr\/wp-content\/uploads\/2025\/05\/7754e1e8-de43-4733-a8c3-82ed4023313c-225x300.jpg 225w\" sizes=\"(max-width: 768px) 100vw, 768px\" \/>\t\t\t\t\t\t\t\t\t\t\t\t\t<\/div>\n\t\t\t\t<\/div>\n\t\t\t\t\t<\/div>\n\t\t\t\t<\/div>\n\t\t<div class=\"elementor-element elementor-element-e6262a5 e-flex e-con-boxed e-con e-parent\" data-id=\"e6262a5\" data-element_type=\"container\">\n\t\t\t\t\t<div class=\"e-con-inner\">\n\t\t\t\t<div class=\"elementor-element elementor-element-ec569a2 elementor-widget elementor-widget-image\" data-id=\"ec569a2\" data-element_type=\"widget\" data-widget_type=\"image.default\">\n\t\t\t\t<div class=\"elementor-widget-container\">\n\t\t\t\t\t\t\t\t\t\t\t\t\t<img loading=\"lazy\" decoding=\"async\" width=\"768\" height=\"1024\" src=\"https:\/\/lebobocavebar.fr\/wp-content\/uploads\/2025\/05\/b6eb2b34-09ef-4dd1-afaa-80274b89db0b.jpg\" class=\"attachment-large size-large wp-image-238\" alt=\"\" srcset=\"https:\/\/lebobocavebar.fr\/wp-content\/uploads\/2025\/05\/b6eb2b34-09ef-4dd1-afaa-80274b89db0b.jpg 768w, https:\/\/lebobocavebar.fr\/wp-content\/uploads\/2025\/05\/b6eb2b34-09ef-4dd1-afaa-80274b89db0b-225x300.jpg 225w\" sizes=\"(max-width: 768px) 100vw, 768px\" \/>\t\t\t\t\t\t\t\t\t\t\t\t\t<\/div>\n\t\t\t\t<\/div>\n\t\t\t\t\t<\/div>\n\t\t\t\t<\/div>\n\t\t<div class=\"elementor-element elementor-element-aa240ba e-flex e-con-boxed e-con e-parent\" data-id=\"aa240ba\" data-element_type=\"container\">\n\t\t\t\t\t<div class=\"e-con-inner\">\n\t\t\t\t<div class=\"elementor-element elementor-element-11ab806 elementor-widget elementor-widget-image\" data-id=\"11ab806\" data-element_type=\"widget\" data-widget_type=\"image.default\">\n\t\t\t\t<div class=\"elementor-widget-container\">\n\t\t\t\t\t\t\t\t\t\t\t\t\t<img loading=\"lazy\" decoding=\"async\" width=\"768\" height=\"1024\" src=\"https:\/\/lebobocavebar.fr\/wp-content\/uploads\/2025\/05\/47342fb5-fb20-42fc-b984-60729a2a9e02.jpg\" class=\"attachment-large size-large wp-image-240\" alt=\"\" srcset=\"https:\/\/lebobocavebar.fr\/wp-content\/uploads\/2025\/05\/47342fb5-fb20-42fc-b984-60729a2a9e02.jpg 768w, https:\/\/lebobocavebar.fr\/wp-content\/uploads\/2025\/05\/47342fb5-fb20-42fc-b984-60729a2a9e02-225x300.jpg 225w\" sizes=\"(max-width: 768px) 100vw, 768px\" \/>\t\t\t\t\t\t\t\t\t\t\t\t\t<\/div>\n\t\t\t\t<\/div>\n\t\t\t\t\t<\/div>\n\t\t\t\t<\/div>\n\t\t<div class=\"elementor-element elementor-element-b187a64 e-flex e-con-boxed e-con e-parent\" data-id=\"b187a64\" data-element_type=\"container\">\n\t\t\t\t\t<div class=\"e-con-inner\">\n\t\t\t\t<div class=\"elementor-element elementor-element-77210fd elementor-widget elementor-widget-image\" data-id=\"77210fd\" data-element_type=\"widget\" data-widget_type=\"image.default\">\n\t\t\t\t<div class=\"elementor-widget-container\">\n\t\t\t\t\t\t\t\t\t\t\t\t\t<img loading=\"lazy\" decoding=\"async\" width=\"768\" height=\"1024\" src=\"https:\/\/lebobocavebar.fr\/wp-content\/uploads\/2025\/05\/bcce583e-7ce8-4c12-819f-4341e130e4a1.jpg\" class=\"attachment-large size-large wp-image-237\" alt=\"\" srcset=\"https:\/\/lebobocavebar.fr\/wp-content\/uploads\/2025\/05\/bcce583e-7ce8-4c12-819f-4341e130e4a1.jpg 768w, https:\/\/lebobocavebar.fr\/wp-content\/uploads\/2025\/05\/bcce583e-7ce8-4c12-819f-4341e130e4a1-225x300.jpg 225w\" sizes=\"(max-width: 768px) 100vw, 768px\" \/>\t\t\t\t\t\t\t\t\t\t\t\t\t<\/div>\n\t\t\t\t<\/div>\n\t\t\t\t\t<\/div>\n\t\t\t\t<\/div>\n\t\t\t\t<\/div>\n\t\t","protected":false},"excerpt":{"rendered":"<p>D\u00e9couvrez notre menu, une symphonie de saveurs o\u00f9 chaque plat met en lumi\u00e8re la qualit\u00e9 exceptionnelle de nos produits et la diversit\u00e9 de notre terroir. Le Midi \u2013 L\u2019Esprit Brasserie \u00c0 l\u2019heure du d\u00e9jeuner, Le&nbsp;Bobo prend des airs de brasserie moderne et vivante. Ici, on cultive l\u2019amour des bonnes choses, sans pr\u00e9tention mais avec exigence. [&hellip;]<\/p>\n","protected":false},"author":1,"featured_media":7,"parent":0,"menu_order":0,"comment_status":"closed","ping_status":"closed","template":"","meta":{"footnotes":""},"class_list":["post-10","page","type-page","status-publish","has-post-thumbnail","hentry"],"_links":{"self":[{"href":"https:\/\/lebobocavebar.fr\/index.php\/wp-json\/wp\/v2\/pages\/10","targetHints":{"allow":["GET"]}}],"collection":[{"href":"https:\/\/lebobocavebar.fr\/index.php\/wp-json\/wp\/v2\/pages"}],"about":[{"href":"https:\/\/lebobocavebar.fr\/index.php\/wp-json\/wp\/v2\/types\/page"}],"author":[{"embeddable":true,"href":"https:\/\/lebobocavebar.fr\/index.php\/wp-json\/wp\/v2\/users\/1"}],"replies":[{"embeddable":true,"href":"https:\/\/lebobocavebar.fr\/index.php\/wp-json\/wp\/v2\/comments?post=10"}],"version-history":[{"count":18,"href":"https:\/\/lebobocavebar.fr\/index.php\/wp-json\/wp\/v2\/pages\/10\/revisions"}],"predecessor-version":[{"id":244,"href":"https:\/\/lebobocavebar.fr\/index.php\/wp-json\/wp\/v2\/pages\/10\/revisions\/244"}],"wp:featuredmedia":[{"embeddable":true,"href":"https:\/\/lebobocavebar.fr\/index.php\/wp-json\/wp\/v2\/media\/7"}],"wp:attachment":[{"href":"https:\/\/lebobocavebar.fr\/index.php\/wp-json\/wp\/v2\/media?parent=10"}],"curies":[{"name":"wp","href":"https:\/\/api.w.org\/{rel}","templated":true}]}}